{"id":108,"date":"2023-08-02T16:49:47","date_gmt":"2023-08-02T19:49:47","guid":{"rendered":"http:\/\/tecnolegal.com.br\/cgadv\/?page_id=108"},"modified":"2024-09-11T12:41:23","modified_gmt":"2024-09-11T15:41:23","slug":"principal","status":"publish","type":"page","link":"https:\/\/tecnolegal.com.br\/cgadv\/","title":{"rendered":"Home"},"content":{"rendered":"\n<hr class=\"wp-block-separator has-alpha-channel-opacity is-style-wide\"\/>\n\n\n\n<figure class=\"wp-block-gallery has-nested-images columns-default is-cropped wp-block-gallery-2 is-layout-flex\">\n<figure class=\"wp-duotone-4a0707-7f7f7f-1 wp-block-image size-large is-style-default\"><img decoding=\"async\" loading=\"lazy\" width=\"1024\" height=\"683\" data-id=\"243\"  src=\"http:\/\/tecnolegal.com.br\/cgadv\/wp-content\/uploads\/2024\/09\/banner-direito-1024x683.jpg\" alt=\"\" class=\"wp-image-243\" srcset=\"https:\/\/tecnolegal.com.br\/cgadv\/wp-content\/uploads\/2024\/09\/banner-direito-1024x683.jpg 1024w, https:\/\/tecnolegal.com.br\/cgadv\/wp-content\/uploads\/2024\/09\/banner-direito-300x200.jpg 300w, https:\/\/tecnolegal.com.br\/cgadv\/wp-content\/uploads\/2024\/09\/banner-direito-768x512.jpg 768w, https:\/\/tecnolegal.com.br\/cgadv\/wp-content\/uploads\/2024\/09\/banner-direito.jpg 1080w\" sizes=\"(max-width: 1024px) 100vw, 1024px\" \/><\/figure>\n<\/figure>\n\n\n\n<p class=\"has-small-font-size\">Aqui voc\u00ea ir\u00e1 encontrar, al\u00e9m de informa\u00e7\u00f5es de contato da nossa sociedade, not\u00edcias, artigos jur\u00eddicos e teses. Para aproveitar melhor o conte\u00fado do nosso site voc\u00ea n\u00e3o precisa de qualquer cadastro ou senha. Entretanto adorar\u00edamos conhecer melhor os visitantes e poder enviar diretamente materiais, dicas e not\u00edcias a respeito de teses, cursos e eventos. <\/p>\n\n\n<div class=\"logged-out wp-block-loginout\"><a href=\"https:\/\/tecnolegal.com.br\/cgadv\/wp-login.php?redirect_to=https%3A%2F%2Ftecnolegal.com.br%2Fcgadv%2Findex.php%3Frest_route%3D%252Fwp%252Fv2%252Fpages%252F108\">Acessar<\/a><\/div>\n\n\n<p><\/p>\n\n\n<ul class=\"wp-block-page-list\"><li class=\"wp-block-pages-list__item\"><a class=\"wp-block-pages-list__item__link\" href=\"https:\/\/tecnolegal.com.br\/cgadv\/?page_id=86\">Artigos<\/a><\/li><li class=\"wp-block-pages-list__item\"><a class=\"wp-block-pages-list__item__link\" href=\"https:\/\/tecnolegal.com.br\/cgadv\/?page_id=85\">Blog<\/a><\/li><li class=\"wp-block-pages-list__item\"><a class=\"wp-block-pages-list__item__link\" href=\"https:\/\/tecnolegal.com.br\/cgadv\/?page_id=84\">Contato<\/a><\/li><li class=\"wp-block-pages-list__item\"><a class=\"wp-block-pages-list__item__link\" href=\"https:\/\/tecnolegal.com.br\/cgadv\/?page_id=82\">Equipe jur\u00eddica<\/a><\/li><li class=\"wp-block-pages-list__item\"><a class=\"wp-block-pages-list__item__link\" href=\"https:\/\/tecnolegal.com.br\/cgadv\/?page_id=81\">Hist\u00f3ria<\/a><\/li><li class=\"wp-block-pages-list__item menu-item-home\"><a class=\"wp-block-pages-list__item__link\" href=\"https:\/\/tecnolegal.com.br\/cgadv\/\">Home<\/a><\/li><li class=\"wp-block-pages-list__item\"><a class=\"wp-block-pages-list__item__link\" href=\"https:\/\/tecnolegal.com.br\/cgadv\/?page_id=83\">Localiza\u00e7\u00e3o<\/a><\/li><li class=\"wp-block-pages-list__item\"><a class=\"wp-block-pages-list__item__link\" href=\"https:\/\/tecnolegal.com.br\/cgadv\/?page_id=3\">Pol\u00edtica de Privacidade e Uso de Dados Pessoais<\/a><\/li><\/ul>\n\n\n<hr class=\"wp-block-separator has-alpha-channel-opacity\"\/>\n\n\n\n<h2 class=\"wp-block-heading\">Mais recentes&#8230;<\/h2>\n\n\n\n<div class=\"wp-block-query is-layout-flow\"><ul class=\"wp-block-post-template is-layout-flow\"><li class=\"wp-block-post post-250 post type-post status-publish format-standard has-post-thumbnail hentry category-sem-categoria\">\n\n<div class=\"wp-block-columns are-vertically-aligned-center is-layout-flex wp-container-6\">\n<div class=\"wp-block-column is-vertically-aligned-center is-layout-flow\" style=\"flex-basis:25%\"><figure class=\"wp-block-post-featured-image\"><a href=\"https:\/\/tecnolegal.com.br\/cgadv\/?p=250\" target=\"_self\"  ><img width=\"848\" height=\"339\" src=\"https:\/\/tecnolegal.com.br\/cgadv\/wp-content\/uploads\/2025\/01\/liberdade-de-expressao.jpg\" class=\"attachment-post-thumbnail size-post-thumbnail wp-post-image\" alt=\"Defenda e liberdade de express\u00e3o nas redes, enquanto pode.\" decoding=\"async\" loading=\"lazy\" srcset=\"https:\/\/tecnolegal.com.br\/cgadv\/wp-content\/uploads\/2025\/01\/liberdade-de-expressao.jpg 848w, https:\/\/tecnolegal.com.br\/cgadv\/wp-content\/uploads\/2025\/01\/liberdade-de-expressao-300x120.jpg 300w, https:\/\/tecnolegal.com.br\/cgadv\/wp-content\/uploads\/2025\/01\/liberdade-de-expressao-768x307.jpg 768w\" sizes=\"(max-width: 848px) 100vw, 848px\" \/><\/a><\/figure><\/div>\n\n\n\n<div class=\"wp-block-column is-vertically-aligned-center is-layout-flow\" style=\"flex-basis:75%\"><h5 class=\"wp-block-post-title\"><a href=\"https:\/\/tecnolegal.com.br\/cgadv\/?p=250\" target=\"_self\" >Defenda e liberdade de express\u00e3o nas redes, enquanto pode.<\/a><\/h5><\/div>\n<\/div>\n\n<\/li><li class=\"wp-block-post post-247 post type-post status-publish format-standard has-post-thumbnail hentry category-sem-categoria\">\n\n<div class=\"wp-block-columns are-vertically-aligned-center is-layout-flex wp-container-9\">\n<div class=\"wp-block-column is-vertically-aligned-center is-layout-flow\" style=\"flex-basis:25%\"><figure class=\"wp-block-post-featured-image\"><a href=\"https:\/\/tecnolegal.com.br\/cgadv\/?p=247\" target=\"_self\"  ><img width=\"693\" height=\"465\" src=\"https:\/\/tecnolegal.com.br\/cgadv\/wp-content\/uploads\/2024\/12\/retrospectiva.png\" class=\"attachment-post-thumbnail size-post-thumbnail wp-post-image\" alt=\"RETROSPECTIVA 2024: um ano marcado por profundas reformas no campo tribut\u00e1rio.\" decoding=\"async\" loading=\"lazy\" srcset=\"https:\/\/tecnolegal.com.br\/cgadv\/wp-content\/uploads\/2024\/12\/retrospectiva.png 693w, https:\/\/tecnolegal.com.br\/cgadv\/wp-content\/uploads\/2024\/12\/retrospectiva-300x201.png 300w\" sizes=\"(max-width: 693px) 100vw, 693px\" \/><\/a><\/figure><\/div>\n\n\n\n<div class=\"wp-block-column is-vertically-aligned-center is-layout-flow\" style=\"flex-basis:75%\"><h5 class=\"wp-block-post-title\"><a href=\"https:\/\/tecnolegal.com.br\/cgadv\/?p=247\" target=\"_self\" >RETROSPECTIVA 2024: um ano marcado por profundas reformas no campo tribut\u00e1rio.<\/a><\/h5><\/div>\n<\/div>\n\n<\/li><li class=\"wp-block-post post-232 post type-post status-publish format-standard has-post-thumbnail hentry category-artigo category-tributario\">\n\n<div class=\"wp-block-columns are-vertically-aligned-center is-layout-flex wp-container-12\">\n<div class=\"wp-block-column is-vertically-aligned-center is-layout-flow\" style=\"flex-basis:25%\"><figure class=\"wp-block-post-featured-image\"><a href=\"https:\/\/tecnolegal.com.br\/cgadv\/?p=232\" target=\"_self\"  ><img width=\"740\" height=\"493\" src=\"https:\/\/tecnolegal.com.br\/cgadv\/wp-content\/uploads\/2023\/11\/ilustracao-realista-brasileira-real_52683-77941.jpg\" class=\"attachment-post-thumbnail size-post-thumbnail wp-post-image\" alt=\"CONHE\u00c7A A TESE DA RESTITUI\u00c7\u00c3O DOS IMPOSTOS MONOF\u00c1SICOS E COMO ELA PODE GERAR CAIXA PARA A SUA EMPRESA.\" decoding=\"async\" loading=\"lazy\" srcset=\"https:\/\/tecnolegal.com.br\/cgadv\/wp-content\/uploads\/2023\/11\/ilustracao-realista-brasileira-real_52683-77941.jpg 740w, https:\/\/tecnolegal.com.br\/cgadv\/wp-content\/uploads\/2023\/11\/ilustracao-realista-brasileira-real_52683-77941-300x200.jpg 300w\" sizes=\"(max-width: 740px) 100vw, 740px\" \/><\/a><\/figure><\/div>\n\n\n\n<div class=\"wp-block-column is-vertically-aligned-center is-layout-flow\" style=\"flex-basis:75%\"><h5 class=\"wp-block-post-title\"><a href=\"https:\/\/tecnolegal.com.br\/cgadv\/?p=232\" target=\"_self\" >CONHE\u00c7A A TESE DA RESTITUI\u00c7\u00c3O DOS IMPOSTOS MONOF\u00c1SICOS E COMO ELA PODE GERAR CAIXA PARA A SUA EMPRESA.<\/a><\/h5><\/div>\n<\/div>\n\n<\/li><\/ul><\/div>\n\n\n\n<p class=\"has-small-font-size\">Caso deseje receber material direto apenas preencha o nosso pequeno livro de visitantes ou deixe uma mensagem que teremos prazer em responder. <\/p>\n","protected":false},"excerpt":{"rendered":"<p>Aqui voc\u00ea ir\u00e1 encontrar, al\u00e9m de informa\u00e7\u00f5es de contato da nossa sociedade, not\u00edcias, artigos jur\u00eddicos e teses. Para aproveitar melhor o conte\u00fado do nosso site voc\u00ea n\u00e3o precisa de qualquer cadastro ou senha. Entretanto adorar\u00edamos conhecer melhor os visitantes e poder enviar diretamente materiais, dicas e not\u00edcias a respeito de teses, cursos e eventos. Mais [&hellip;]<\/p>\n","protected":false},"author":1,"featured_media":0,"parent":0,"menu_order":0,"comment_status":"open","ping_status":"closed","template":"","meta":[],"blocksy_meta":{"has_hero_section":"disabled","content_style_source":"inherit","page_structure_type":"type-4","content_style":{"desktop":"boxed","tablet":"boxed","mobile":"boxed","__changed":[]},"vertical_spacing_source":"custom","content_area_spacing":"bottom","disable_featured_image":"yes","disable_share_box":"yes","disable_header":"no"},"_links":{"self":[{"href":"https:\/\/tecnolegal.com.br\/cgadv\/index.php?rest_route=\/wp\/v2\/pages\/108"}],"collection":[{"href":"https:\/\/tecnolegal.com.br\/cgadv\/index.php?rest_route=\/wp\/v2\/pages"}],"about":[{"href":"https:\/\/tecnolegal.com.br\/cgadv\/index.php?rest_route=\/wp\/v2\/types\/page"}],"author":[{"embeddable":true,"href":"https:\/\/tecnolegal.com.br\/cgadv\/index.php?rest_route=\/wp\/v2\/users\/1"}],"replies":[{"embeddable":true,"href":"https:\/\/tecnolegal.com.br\/cgadv\/index.php?rest_route=%2Fwp%2Fv2%2Fcomments&post=108"}],"version-history":[{"count":23,"href":"https:\/\/tecnolegal.com.br\/cgadv\/index.php?rest_route=\/wp\/v2\/pages\/108\/revisions"}],"predecessor-version":[{"id":244,"href":"https:\/\/tecnolegal.com.br\/cgadv\/index.php?rest_route=\/wp\/v2\/pages\/108\/revisions\/244"}],"wp:attachment":[{"href":"https:\/\/tecnolegal.com.br\/cgadv\/index.php?rest_route=%2Fwp%2Fv2%2Fmedia&parent=108"}],"curies":[{"name":"wp","href":"https:\/\/api.w.org\/{rel}","templated":true}]}}