{"id":193,"date":"2025-02-02T22:42:51","date_gmt":"2025-02-03T01:42:51","guid":{"rendered":"https:\/\/tecnolegal.com.br\/?page_id=193"},"modified":"2025-02-02T22:46:45","modified_gmt":"2025-02-03T01:46:45","slug":"biblioteca","status":"publish","type":"page","link":"https:\/\/tecnolegal.com.br\/?page_id=193","title":{"rendered":"Biblioteca"},"content":{"rendered":"\n<p>Os livros e artigos constantes da biblioteca est\u00e3o dispon\u00edveis apenas para fins de pesquisa e estudo acad\u00eamico devendo as pessoas interessadas tomarem as devidas cautelas quanto \u00e0 reprodu\u00e7\u00e3o e utiliza\u00e7\u00e3o dos mesmos com vistas a n\u00e3o infringirem normas de prote\u00e7\u00e3o \u00e0 propriedade intelectual e ao direito autoral. <\/p>\n\n\n\n<hr class=\"wp-block-separator has-alpha-channel-opacity\"\/>\n\n\n\n<div class=\"wp-block-buttons is-layout-flex\">\n<div class=\"wp-block-button\"><a class=\"wp-block-button__link wp-element-button\" href=\"https:\/\/drive.google.com\/drive\/folders\/1z6Aao2jNMP0gVpexHEnStHxkGWexReOR?usp=sharing\" target=\"_blank\" rel=\"noreferrer noopener\">CLIQUE PARA ASCENDER \u00c0 BIBLIOTECA<\/a><\/div>\n<\/div>\n","protected":false},"excerpt":{"rendered":"<p>Os livros e artigos constantes da biblioteca est\u00e3o dispon\u00edveis apenas para fins de pesquisa e estudo acad\u00eamico devendo as pessoas interessadas tomarem as devidas cautelas quanto \u00e0 reprodu\u00e7\u00e3o e utiliza\u00e7\u00e3o dos mesmos com vistas a n\u00e3o infringirem normas de prote\u00e7\u00e3o \u00e0 propriedade intelectual e ao direito autoral.<\/p>\n","protected":false},"author":1,"featured_media":194,"parent":0,"menu_order":0,"comment_status":"closed","ping_status":"closed","template":"","meta":[],"blocksy_meta":"","_links":{"self":[{"href":"https:\/\/tecnolegal.com.br\/index.php?rest_route=\/wp\/v2\/pages\/193"}],"collection":[{"href":"https:\/\/tecnolegal.com.br\/index.php?rest_route=\/wp\/v2\/pages"}],"about":[{"href":"https:\/\/tecnolegal.com.br\/index.php?rest_route=\/wp\/v2\/types\/page"}],"author":[{"embeddable":true,"href":"https:\/\/tecnolegal.com.br\/index.php?rest_route=\/wp\/v2\/users\/1"}],"replies":[{"embeddable":true,"href":"https:\/\/tecnolegal.com.br\/index.php?rest_route=%2Fwp%2Fv2%2Fcomments&post=193"}],"version-history":[{"count":2,"href":"https:\/\/tecnolegal.com.br\/index.php?rest_route=\/wp\/v2\/pages\/193\/revisions"}],"predecessor-version":[{"id":196,"href":"https:\/\/tecnolegal.com.br\/index.php?rest_route=\/wp\/v2\/pages\/193\/revisions\/196"}],"wp:featuredmedia":[{"embeddable":true,"href":"https:\/\/tecnolegal.com.br\/index.php?rest_route=\/wp\/v2\/media\/194"}],"wp:attachment":[{"href":"https:\/\/tecnolegal.com.br\/index.php?rest_route=%2Fwp%2Fv2%2Fmedia&parent=193"}],"curies":[{"name":"wp","href":"https:\/\/api.w.org\/{rel}","templated":true}]}}